{"id":899,"date":"2025-04-29T14:46:22","date_gmt":"2025-04-29T12:46:22","guid":{"rendered":"https:\/\/workerinfinland.com\/?page_id=899"},"modified":"2025-05-02T14:12:31","modified_gmt":"2025-05-02T12:12:31","slug":"settling-down","status":"publish","type":"page","link":"https:\/\/workerinfinland.com\/fi\/settling-down\/","title":{"rendered":"Suomeen asettuminen"},"content":{"rendered":"<div data-elementor-type=\"wp-post\" data-elementor-id=\"899\" class=\"elementor elementor-899\">\n\t\t\t\t<div class=\"elementor-element elementor-element-73f99ed e-flex e-con-boxed e-con e-parent\" data-id=\"73f99ed\" data-element_type=\"container\" data-settings=\"{&quot;background_background&quot;:&quot;classic&quot;}\">\n\t\t\t\t\t<div class=\"e-con-inner\">\n\t\t<div class=\"elementor-element elementor-element-6e648f1 e-con-full e-flex e-con e-child\" data-id=\"6e648f1\" data-element_type=\"container\">\n\t\t\t\t<div class=\"elementor-element elementor-element-817d353 elementor-widget elementor-widget-spacer\" data-id=\"817d353\" data-element_type=\"widget\" data-widget_type=\"spacer.default\">\n\t\t\t\t<div class=\"elementor-widget-container\">\n\t\t\t\t\t\t\t<div class=\"elementor-spacer\">\n\t\t\t<div class=\"elementor-spacer-inner\"><\/div>\n\t\t<\/div>\n\t\t\t\t\t\t<\/div>\n\t\t\t\t<\/div>\n\t\t\t\t<div class=\"elementor-element elementor-element-eef8dc0 elementor-widget elementor-widget-heading\" data-id=\"eef8dc0\" data-element_type=\"widget\" data-widget_type=\"heading.default\">\n\t\t\t\t<div class=\"elementor-widget-container\">\n\t\t\t\t\t<h2 class=\"elementor-heading-title elementor-size-default\">Asettuminen Suomeen<\/h2>\t\t\t\t<\/div>\n\t\t\t\t<\/div>\n\t\t\t\t<div class=\"elementor-element elementor-element-75120e3 elementor-widget elementor-widget-spacer\" data-id=\"75120e3\" data-element_type=\"widget\" data-widget_type=\"spacer.default\">\n\t\t\t\t<div class=\"elementor-widget-container\">\n\t\t\t\t\t\t\t<div class=\"elementor-spacer\">\n\t\t\t<div class=\"elementor-spacer-inner\"><\/div>\n\t\t<\/div>\n\t\t\t\t\t\t<\/div>\n\t\t\t\t<\/div>\n\t\t\t\t<\/div>\n\t\t\t\t\t<\/div>\n\t\t\t\t<\/div>\n\t\t<div class=\"elementor-element elementor-element-4fda378 e-flex e-con-boxed e-con e-parent\" data-id=\"4fda378\" data-element_type=\"container\">\n\t\t\t\t\t<div class=\"e-con-inner\">\n\t\t<div class=\"elementor-element elementor-element-d6ce339 e-con-full e-flex e-con e-child\" data-id=\"d6ce339\" data-element_type=\"container\">\n\t\t\t\t<div class=\"elementor-element elementor-element-1c6724a elementor-widget__width-initial elementor-widget elementor-widget-text-editor\" data-id=\"1c6724a\" data-element_type=\"widget\" data-widget_type=\"text-editor.default\">\n\t\t\t\t<div class=\"elementor-widget-container\">\n\t\t\t\t\t\t\t\t\t<p class=\"\" data-start=\"425\" data-end=\"519\">Aloittamassa uutta el\u00e4m\u00e4\u00e4 Suomessa? Me olemme t\u00e4\u00e4ll\u00e4 auttamassa sinua tekem\u00e4\u00e4n muutostasi sujuvan ja onnistuneen.<\/p><p class=\"\" data-start=\"521\" data-end=\"777\">Kansainv\u00e4lisen\u00e4 rekrytointiyrityksen\u00e4 tuemme ty\u00f6nhakijoita jokaisessa vaiheessa \u2013 oleskeluluvista asunnonhakuun, pankkiasiointiin ja terveydenhuoltoon. T\u00e4lt\u00e4 sivulta l\u00f6yd\u00e4t hy\u00f6dyllist\u00e4 tietoa ja linkkej\u00e4, jotka auttavat sinua asettumaan Suomeen.<\/p><h3 class=\"\" data-start=\"784\" data-end=\"817\">Oleskelu ja ty\u00f6skentelyluluvat<\/h3><p class=\"\" data-start=\"819\" data-end=\"928\">Ty\u00f6skennell\u00e4ksesi Suomessa tarvitset yleens\u00e4 oleskeluluvan tai rekister\u00f6innin riippuen kansalaisuudestasi.<\/p><ul data-start=\"930\" data-end=\"1259\"><li class=\"\" data-start=\"930\" data-end=\"1031\"><p class=\"\" data-start=\"932\" data-end=\"1031\"><a href=\"https:\/\/migri.fi\/en\/home\" target=\"_new\" rel=\"noopener\" data-start=\"932\" data-end=\"990\">Maahanmuuttovirasto<\/a> - viralliset ohjeet ja hakemukset<\/p><\/li><li class=\"\" data-start=\"1032\" data-end=\"1104\"><p class=\"\" data-start=\"1034\" data-end=\"1104\"><a class=\"\" href=\"https:\/\/enterfinland.fi\" target=\"_new\" rel=\"noopener\" data-start=\"1034\" data-end=\"1102\">Enter Finland \u2013 s\u00e4hk\u00f6inen hakemusportaali<\/a><\/p><\/li><li class=\"\" data-start=\"1105\" data-end=\"1179\"><p class=\"\" data-start=\"1107\" data-end=\"1179\"><a href=\"https:\/\/migri.fi\/en\/i-want-to-apply\">Hakemus etsin - Migri<\/a><\/p><\/li><li data-start=\"1105\" data-end=\"1179\"><a href=\"https:\/\/migri.fi\/en\/check-the-processing-time-of-your-application\">K\u00e4sittelyajan tarkastus - Migri<\/a><\/li><li class=\"\" data-start=\"1180\" data-end=\"1259\"><p class=\"\" data-start=\"1182\" data-end=\"1259\"><a href=\"https:\/\/www.infofinland.fi\/en\/moving-to-finland\" target=\"_new\" rel=\"noopener\" data-start=\"1182\" data-end=\"1259\">InfoFinland: Muutto Suomeen<\/a><\/p><\/li><\/ul><p class=\"\" data-start=\"1261\" data-end=\"1334\">Jos muutat Suomeen kauttamme, opastamme sinut l\u00e4pi lupaprosessin.<\/p>\t\t\t\t\t\t\t\t<\/div>\n\t\t\t\t<\/div>\n\t\t\t\t<div class=\"elementor-element elementor-element-34ae493 elementor-widget__width-initial elementor-hidden-mobile elementor-widget elementor-widget-image\" data-id=\"34ae493\" data-element_type=\"widget\" data-widget_type=\"image.default\">\n\t\t\t\t<div class=\"elementor-widget-container\">\n\t\t\t\t\t\t\t\t\t\t\t\t\t\t\t<img decoding=\"async\" src=\"https:\/\/workerinfinland.com\/wp-content\/uploads\/2025\/04\/settledown_decorative_1.webp\" title=\"settledown_decorative_1\" alt=\"settledown_decorative_1\" loading=\"lazy\" \/>\t\t\t\t\t\t\t\t\t\t\t\t\t\t\t<\/div>\n\t\t\t\t<\/div>\n\t\t<div class=\"elementor-element elementor-element-3e137e2 e-con-full elementor-hidden-mobile e-flex e-con e-child\" data-id=\"3e137e2\" data-element_type=\"container\">\n\t\t\t\t<div class=\"elementor-element elementor-element-c20ec19 elementor-widget elementor-widget-spacer\" data-id=\"c20ec19\" data-element_type=\"widget\" data-widget_type=\"spacer.default\">\n\t\t\t\t<div class=\"elementor-widget-container\">\n\t\t\t\t\t\t\t<div class=\"elementor-spacer\">\n\t\t\t<div class=\"elementor-spacer-inner\"><\/div>\n\t\t<\/div>\n\t\t\t\t\t\t<\/div>\n\t\t\t\t<\/div>\n\t\t\t\t<\/div>\n\t\t\t\t<\/div>\n\t\t\t\t\t<\/div>\n\t\t\t\t<\/div>\n\t\t<div class=\"elementor-element elementor-element-8f33e45 e-flex e-con-boxed e-con e-parent\" data-id=\"8f33e45\" data-element_type=\"container\">\n\t\t\t\t\t<div class=\"e-con-inner\">\n\t\t<div class=\"elementor-element elementor-element-ca311c4 e-con-full e-flex e-con e-child\" data-id=\"ca311c4\" data-element_type=\"container\">\n\t\t\t\t<div class=\"elementor-element elementor-element-affcbda elementor-widget__width-initial elementor-hidden-mobile elementor-widget elementor-widget-image\" data-id=\"affcbda\" data-element_type=\"widget\" data-widget_type=\"image.default\">\n\t\t\t\t<div class=\"elementor-widget-container\">\n\t\t\t\t\t\t\t\t\t\t\t\t\t\t\t<img decoding=\"async\" src=\"https:\/\/workerinfinland.com\/wp-content\/uploads\/2025\/04\/settledown_decorative_2.webp\" title=\"settledown_decorative_2\" alt=\"settledown_decorative_2\" loading=\"lazy\" \/>\t\t\t\t\t\t\t\t\t\t\t\t\t\t\t<\/div>\n\t\t\t\t<\/div>\n\t\t\t\t<div class=\"elementor-element elementor-element-b0abb5e elementor-widget__width-initial elementor-widget elementor-widget-text-editor\" data-id=\"b0abb5e\" data-element_type=\"widget\" data-widget_type=\"text-editor.default\">\n\t\t\t\t<div class=\"elementor-widget-container\">\n\t\t\t\t\t\t\t\t\t<h3 class=\"\" data-start=\"1341\" data-end=\"1366\">Asuminen Suomessa<\/h3><p class=\"\" data-start=\"1368\" data-end=\"1516\">Asunnon l\u00f6yt\u00e4minen on yksi ensimm\u00e4isist\u00e4 askelista Suomeen saapumisen j\u00e4lkeen. Autamme ehdokkaita alkuun vuokra-asumisen ja paikallisten s\u00e4\u00e4nt\u00f6jen kanssa.<\/p><p class=\"\" data-start=\"1518\" data-end=\"1590\">Lue lis\u00e4\u00e4 sivultamme: <a href=\"https:\/\/workerinfinland.com\/fi\/housing\/\" rel=\"noopener\" data-start=\"1545\" data-end=\"1590\"><strong data-start=\"1546\" data-end=\"1568\">Asuminen Suomessa<br \/><\/strong><\/a><\/p><h3 class=\"\" data-start=\"1597\" data-end=\"1621\">Pankkiasiat ja verotus<\/h3><p class=\"\" data-start=\"1623\" data-end=\"1729\">Saadaksesi palkkaa, sinun on avattava pankkitili ja hankittava verokortti. N\u00e4m\u00e4 ovat v\u00e4ltt\u00e4m\u00e4tt\u00f6mi\u00e4 Suomessa ty\u00f6skentely\u00e4 varten.<\/p><p class=\"\" data-start=\"1731\" data-end=\"1811\">Lue lis\u00e4\u00e4: <a href=\"https:\/\/workerinfinland.com\/fi\/finances-and-taxes\/\"><strong>Pankit ja verotus Suomessa<\/strong><\/a><a rel=\"noopener\" data-start=\"1746\" data-end=\"1811\"><strong data-start=\"1747\" data-end=\"1779\"><br \/><\/strong><\/a><\/p><h3 class=\"\" data-start=\"1818\" data-end=\"1849\">Terveydenhuolto Suomessa<\/h3><p class=\"\" data-start=\"1851\" data-end=\"1984\">Kaikilla Suomessa asuvilla on p\u00e4\u00e4sy julkiseen terveydenhuoltoon. Autamme sinua rekister\u00f6itymisess\u00e4 ja kerromme, mit\u00e4 palveluja on saatavilla.<\/p><p class=\"\" data-start=\"1986\" data-end=\"2040\">Read more: <a href=\"https:\/\/workerinfinland.com\/fi\/healthcare\/\" rel=\"noopener\" data-start=\"2000\" data-end=\"2040\"><strong data-start=\"2001\" data-end=\"2026\">Terveydenhuolto Suomessa<\/strong><\/a><\/p><h3 class=\"\" data-start=\"2047\" data-end=\"2076\">Muita hy\u00f6dyllisi\u00e4 linkkej\u00e4<\/h3><ul data-start=\"2078\" data-end=\"2424\"><li class=\"\" data-start=\"2078\" data-end=\"2208\"><p class=\"\" data-start=\"2080\" data-end=\"2208\"><a href=\"https:\/\/dvv.fi\/en\/as-a-foreigner-in-finland\" target=\"_new\" rel=\"noopener\" data-start=\"2080\" data-end=\"2160\">Digi- ja v\u00e4est\u00f6tietovirasto (DVV)<\/a> \u2013 osoitteen rekister\u00f6inti ja henkil\u00f6tunnuksen saaminen<\/p><\/li><li data-start=\"2209\" data-end=\"2279\"><a href=\"https:\/\/www.kela.fi\/main-page\">Kela<\/a> - Sociaaliturva ja etuudet<\/li><li class=\"\" data-start=\"2280\" data-end=\"2370\"><p class=\"\" data-start=\"2282\" data-end=\"2370\"><a href=\"https:\/\/www.infofinland.fi\/\">InfoFinland.fi <\/a>-- virallinen monikielinen tietopalvelu uusille tulijoille<\/p><\/li><\/ul>\t\t\t\t\t\t\t\t<\/div>\n\t\t\t\t<\/div>\n\t\t<div class=\"elementor-element elementor-element-0e26e62 e-con-full elementor-hidden-mobile e-flex e-con e-child\" data-id=\"0e26e62\" data-element_type=\"container\">\n\t\t\t\t<div class=\"elementor-element elementor-element-e660068 elementor-widget elementor-widget-spacer\" data-id=\"e660068\" data-element_type=\"widget\" data-widget_type=\"spacer.default\">\n\t\t\t\t<div class=\"elementor-widget-container\">\n\t\t\t\t\t\t\t<div class=\"elementor-spacer\">\n\t\t\t<div class=\"elementor-spacer-inner\"><\/div>\n\t\t<\/div>\n\t\t\t\t\t\t<\/div>\n\t\t\t\t<\/div>\n\t\t\t\t<\/div>\n\t\t\t\t<\/div>\n\t\t\t\t\t<\/div>\n\t\t\t\t<\/div>\n\t\t<div class=\"elementor-element elementor-element-8c472d2 e-flex e-con-boxed e-con e-parent\" data-id=\"8c472d2\" data-element_type=\"container\">\n\t\t\t\t\t<div class=\"e-con-inner\">\n\t\t\t\t<div class=\"elementor-element elementor-element-1f4400a elementor-widget elementor-widget-heading\" data-id=\"1f4400a\" data-element_type=\"widget\" data-widget_type=\"heading.default\">\n\t\t\t\t<div class=\"elementor-widget-container\">\n\t\t\t\t\t<h3 class=\"elementor-heading-title elementor-size-default\">Tarvitsetko apua?<\/h3>\t\t\t\t<\/div>\n\t\t\t\t<\/div>\n\t\t\t\t<div class=\"elementor-element elementor-element-7804447 elementor-widget__width-initial elementor-widget elementor-widget-text-editor\" data-id=\"7804447\" data-element_type=\"widget\" data-widget_type=\"text-editor.default\">\n\t\t\t\t<div class=\"elementor-widget-container\">\n\t\t\t\t\t\t\t\t\t<p class=\"\" data-start=\"2446\" data-end=\"2603\">Jos sinut on rekrytoitu kauttamme, muuttopalvelutiimimme auttaa sinua mielell\u00e4\u00e4n kaikissa vaiheissa \u2013 mukaan lukien paperity\u00f6t, asunnon l\u00f6yt\u00e4minen ja paikallinen perehdytys.<\/p><p class=\"\" data-start=\"2605\" data-end=\"2628\"><strong data-start=\"2605\" data-end=\"2628\">Tervetuloa Suomeen!<\/strong><\/p>\t\t\t\t\t\t\t\t<\/div>\n\t\t\t\t<\/div>\n\t\t\t\t\t<\/div>\n\t\t\t\t<\/div>\n\t\t\t\t<\/div>","protected":false},"excerpt":{"rendered":"<p>Settling Down in Finland Starting a new life in Finland? We\u2019re here to help make your relocation smooth and successful. [&hellip;]<\/p>","protected":false},"author":2,"featured_media":0,"parent":0,"menu_order":0,"comment_status":"closed","ping_status":"closed","template":"","meta":{"_acf_changed":false,"site-sidebar-layout":"no-sidebar","site-content-layout":"","ast-site-content-layout":"full-width-container","site-content-style":"default","site-sidebar-style":"default","ast-global-header-display":"","ast-banner-title-visibility":"","ast-main-header-display":"","ast-hfb-above-header-display":"","ast-hfb-below-header-display":"","ast-hfb-mobile-header-display":"","site-post-title":"disabled","ast-breadcrumbs-content":"","ast-featured-img":"disabled","footer-sml-layout":"","theme-transparent-header-meta":"","adv-header-id-meta":"","stick-header-meta":"","header-above-stick-meta":"","header-main-stick-meta":"","header-below-stick-meta":"","astra-migrate-meta-layouts":"default","ast-page-background-enabled":"default","ast-page-background-meta":{"desktop":{"background-color":"var(--ast-global-color-5)","background-image":"","background-repeat":"repeat","background-position":"center center","background-size":"auto","background-attachment":"scroll","background-type":"","background-media":"","overlay-type":"","overlay-color":"","overlay-opacity":"","overlay-gradient":""},"tablet":{"background-color":"","background-image":"","background-repeat":"repeat","background-position":"center center","background-size":"auto","background-attachment":"scroll","background-type":"","background-media":"","overlay-type":"","overlay-color":"","overlay-opacity":"","overlay-gradient":""},"mobile":{"background-color":"","background-image":"","background-repeat":"repeat","background-position":"center center","background-size":"auto","background-attachment":"scroll","background-type":"","background-media":"","overlay-type":"","overlay-color":"","overlay-opacity":"","overlay-gradient":""}},"ast-content-background-meta":{"desktop":{"background-color":"var(--ast-global-color-4)","background-image":"","background-repeat":"repeat","background-position":"center center","background-size":"auto","background-attachment":"scroll","background-type":"","background-media":"","overlay-type":"","overlay-color":"","overlay-opacity":"","overlay-gradient":""},"tablet":{"background-color":"var(--ast-global-color-4)","background-image":"","background-repeat":"repeat","background-position":"center center","background-size":"auto","background-attachment":"scroll","background-type":"","background-media":"","overlay-type":"","overlay-color":"","overlay-opacity":"","overlay-gradient":""},"mobile":{"background-color":"var(--ast-global-color-4)","background-image":"","background-repeat":"repeat","background-position":"center center","background-size":"auto","background-attachment":"scroll","background-type":"","background-media":"","overlay-type":"","overlay-color":"","overlay-opacity":"","overlay-gradient":""}},"iawp_total_views":47,"footnotes":""},"class_list":["post-899","page","type-page","status-publish","hentry"],"acf":[],"yoast_head":"<!-- This site is optimized with the Yoast SEO plugin v25.4 - https:\/\/yoast.com\/wordpress\/plugins\/seo\/ -->\n<title>Settling down - Worker In Finland<\/title>\n<meta name=\"robots\" content=\"index, follow, max-snippet:-1, max-image-preview:large, max-video-preview:-1\" \/>\n<link rel=\"canonical\" href=\"https:\/\/workerinfinland.com\/fi\/settling-down\/\" \/>\n<meta property=\"og:locale\" content=\"fi_FI\" \/>\n<meta property=\"og:type\" content=\"article\" \/>\n<meta property=\"og:title\" content=\"Settling down - Worker In Finland\" \/>\n<meta property=\"og:description\" content=\"Settling Down in Finland Starting a new life in Finland? We\u2019re here to help make your relocation smooth and successful. [&hellip;]\" \/>\n<meta property=\"og:url\" content=\"https:\/\/workerinfinland.com\/fi\/settling-down\/\" \/>\n<meta property=\"og:site_name\" content=\"Worker In Finland\" \/>\n<meta property=\"article:modified_time\" content=\"2025-05-02T12:12:31+00:00\" \/>\n<meta property=\"og:image\" content=\"https:\/\/workerinfinland.com\/wp-content\/uploads\/2025\/04\/settledown_decorative_1.webp\" \/>\n<meta name=\"twitter:card\" content=\"summary_large_image\" \/>\n<meta name=\"twitter:label1\" content=\"Arvioitu lukuaika\" \/>\n\t<meta name=\"twitter:data1\" content=\"2 minuuttia\" \/>\n<script type=\"application\/ld+json\" class=\"yoast-schema-graph\">{\"@context\":\"https:\/\/schema.org\",\"@graph\":[{\"@type\":\"WebPage\",\"@id\":\"https:\/\/workerinfinland.com\/settling-down\/\",\"url\":\"https:\/\/workerinfinland.com\/settling-down\/\",\"name\":\"Settling down - Worker In Finland\",\"isPartOf\":{\"@id\":\"https:\/\/workerinfinland.com\/#website\"},\"primaryImageOfPage\":{\"@id\":\"https:\/\/workerinfinland.com\/settling-down\/#primaryimage\"},\"image\":{\"@id\":\"https:\/\/workerinfinland.com\/settling-down\/#primaryimage\"},\"thumbnailUrl\":\"https:\/\/workerinfinland.com\/wp-content\/uploads\/2025\/04\/settledown_decorative_1.webp\",\"datePublished\":\"2025-04-29T12:46:22+00:00\",\"dateModified\":\"2025-05-02T12:12:31+00:00\",\"breadcrumb\":{\"@id\":\"https:\/\/workerinfinland.com\/settling-down\/#breadcrumb\"},\"inLanguage\":\"fi\",\"potentialAction\":[{\"@type\":\"ReadAction\",\"target\":[\"https:\/\/workerinfinland.com\/settling-down\/\"]}]},{\"@type\":\"ImageObject\",\"inLanguage\":\"fi\",\"@id\":\"https:\/\/workerinfinland.com\/settling-down\/#primaryimage\",\"url\":\"https:\/\/workerinfinland.com\/wp-content\/uploads\/2025\/04\/settledown_decorative_1.webp\",\"contentUrl\":\"https:\/\/workerinfinland.com\/wp-content\/uploads\/2025\/04\/settledown_decorative_1.webp\"},{\"@type\":\"BreadcrumbList\",\"@id\":\"https:\/\/workerinfinland.com\/settling-down\/#breadcrumb\",\"itemListElement\":[{\"@type\":\"ListItem\",\"position\":1,\"name\":\"Home\",\"item\":\"https:\/\/workerinfinland.com\/\"},{\"@type\":\"ListItem\",\"position\":2,\"name\":\"Settling down\"}]},{\"@type\":\"WebSite\",\"@id\":\"https:\/\/workerinfinland.com\/#website\",\"url\":\"https:\/\/workerinfinland.com\/\",\"name\":\"Worker In Finland\",\"description\":\"\",\"potentialAction\":[{\"@type\":\"SearchAction\",\"target\":{\"@type\":\"EntryPoint\",\"urlTemplate\":\"https:\/\/workerinfinland.com\/?s={search_term_string}\"},\"query-input\":{\"@type\":\"PropertyValueSpecification\",\"valueRequired\":true,\"valueName\":\"search_term_string\"}}],\"inLanguage\":\"fi\"}]}<\/script>\n<!-- \/ Yoast SEO plugin. -->","yoast_head_json":{"title":"Settling down - Worker In Finland","robots":{"index":"index","follow":"follow","max-snippet":"max-snippet:-1","max-image-preview":"max-image-preview:large","max-video-preview":"max-video-preview:-1"},"canonical":"https:\/\/workerinfinland.com\/fi\/settling-down\/","og_locale":"fi_FI","og_type":"article","og_title":"Settling down - Worker In Finland","og_description":"Settling Down in Finland Starting a new life in Finland? We\u2019re here to help make your relocation smooth and successful. [&hellip;]","og_url":"https:\/\/workerinfinland.com\/fi\/settling-down\/","og_site_name":"Worker In Finland","article_modified_time":"2025-05-02T12:12:31+00:00","og_image":[{"url":"https:\/\/workerinfinland.com\/wp-content\/uploads\/2025\/04\/settledown_decorative_1.webp","type":"","width":"","height":""}],"twitter_card":"summary_large_image","twitter_misc":{"Arvioitu lukuaika":"2 minuuttia"},"schema":{"@context":"https:\/\/schema.org","@graph":[{"@type":"WebPage","@id":"https:\/\/workerinfinland.com\/settling-down\/","url":"https:\/\/workerinfinland.com\/settling-down\/","name":"Settling down - Worker In Finland","isPartOf":{"@id":"https:\/\/workerinfinland.com\/#website"},"primaryImageOfPage":{"@id":"https:\/\/workerinfinland.com\/settling-down\/#primaryimage"},"image":{"@id":"https:\/\/workerinfinland.com\/settling-down\/#primaryimage"},"thumbnailUrl":"https:\/\/workerinfinland.com\/wp-content\/uploads\/2025\/04\/settledown_decorative_1.webp","datePublished":"2025-04-29T12:46:22+00:00","dateModified":"2025-05-02T12:12:31+00:00","breadcrumb":{"@id":"https:\/\/workerinfinland.com\/settling-down\/#breadcrumb"},"inLanguage":"fi","potentialAction":[{"@type":"ReadAction","target":["https:\/\/workerinfinland.com\/settling-down\/"]}]},{"@type":"ImageObject","inLanguage":"fi","@id":"https:\/\/workerinfinland.com\/settling-down\/#primaryimage","url":"https:\/\/workerinfinland.com\/wp-content\/uploads\/2025\/04\/settledown_decorative_1.webp","contentUrl":"https:\/\/workerinfinland.com\/wp-content\/uploads\/2025\/04\/settledown_decorative_1.webp"},{"@type":"BreadcrumbList","@id":"https:\/\/workerinfinland.com\/settling-down\/#breadcrumb","itemListElement":[{"@type":"ListItem","position":1,"name":"Home","item":"https:\/\/workerinfinland.com\/"},{"@type":"ListItem","position":2,"name":"Settling down"}]},{"@type":"WebSite","@id":"https:\/\/workerinfinland.com\/#website","url":"https:\/\/workerinfinland.com\/","name":"Worker In Finland","description":"","potentialAction":[{"@type":"SearchAction","target":{"@type":"EntryPoint","urlTemplate":"https:\/\/workerinfinland.com\/?s={search_term_string}"},"query-input":{"@type":"PropertyValueSpecification","valueRequired":true,"valueName":"search_term_string"}}],"inLanguage":"fi"}]}},"_links":{"self":[{"href":"https:\/\/workerinfinland.com\/fi\/wp-json\/wp\/v2\/pages\/899","targetHints":{"allow":["GET"]}}],"collection":[{"href":"https:\/\/workerinfinland.com\/fi\/wp-json\/wp\/v2\/pages"}],"about":[{"href":"https:\/\/workerinfinland.com\/fi\/wp-json\/wp\/v2\/types\/page"}],"author":[{"embeddable":true,"href":"https:\/\/workerinfinland.com\/fi\/wp-json\/wp\/v2\/users\/2"}],"replies":[{"embeddable":true,"href":"https:\/\/workerinfinland.com\/fi\/wp-json\/wp\/v2\/comments?post=899"}],"version-history":[{"count":8,"href":"https:\/\/workerinfinland.com\/fi\/wp-json\/wp\/v2\/pages\/899\/revisions"}],"predecessor-version":[{"id":944,"href":"https:\/\/workerinfinland.com\/fi\/wp-json\/wp\/v2\/pages\/899\/revisions\/944"}],"wp:attachment":[{"href":"https:\/\/workerinfinland.com\/fi\/wp-json\/wp\/v2\/media?parent=899"}],"curies":[{"name":"wp","href":"https:\/\/api.w.org\/{rel}","templated":true}]}}