{"id":315,"date":"2025-02-27T10:21:51","date_gmt":"2025-02-27T08:21:51","guid":{"rendered":"https:\/\/workerinfinland.com\/?page_id=315"},"modified":"2025-04-28T13:24:56","modified_gmt":"2025-04-28T11:24:56","slug":"contact-us","status":"publish","type":"page","link":"https:\/\/workerinfinland.com\/fi\/contact-us\/","title":{"rendered":"Ota yhteytt\u00e4"},"content":{"rendered":"<div data-elementor-type=\"wp-post\" data-elementor-id=\"315\" class=\"elementor elementor-315\">\n\t\t\t\t<div class=\"elementor-element elementor-element-2cd9c45 e-flex e-con-boxed e-con e-parent\" data-id=\"2cd9c45\" data-element_type=\"container\">\n\t\t\t\t\t<div class=\"e-con-inner\">\n\t\t\t\t<div class=\"elementor-element elementor-element-8e71d7d elementor-widget elementor-widget-heading\" data-id=\"8e71d7d\" data-element_type=\"widget\" data-widget_type=\"heading.default\">\n\t\t\t\t<div class=\"elementor-widget-container\">\n\t\t\t\t\t<h2 class=\"elementor-heading-title elementor-size-default\">Yhteydenotto lomake<\/h2>\t\t\t\t<\/div>\n\t\t\t\t<\/div>\n\t\t\t\t\t<\/div>\n\t\t\t\t<\/div>\n\t\t<div class=\"elementor-element elementor-element-b01100b e-flex e-con-boxed e-con e-parent\" data-id=\"b01100b\" data-element_type=\"container\">\n\t\t\t\t\t<div class=\"e-con-inner\">\n\t\t\t\t<div class=\"elementor-element elementor-element-8498fd3 elementor-widget__width-initial elementor-widget elementor-widget-shortcode\" data-id=\"8498fd3\" data-element_type=\"widget\" data-widget_type=\"shortcode.default\">\n\t\t\t\t<div class=\"elementor-widget-container\">\n\t\t\t\t\t\t\t<div class=\"elementor-shortcode\"><div class=\"forminator-ui forminator-custom-form forminator-custom-form-801 forminator-design--default\" data-forminator-render=\"0\" data-form=\"forminator-module-801\" data-uid=\"69fb3f395eef2\"><br\/><\/div><form\n\t\t\t\tid=\"forminator-module-801\"\n\t\t\t\tclass=\"forminator-ui forminator-custom-form forminator-custom-form-801 forminator-design--default\"\n\t\t\t\tmethod=\"post\"\n\t\t\t\tdata-forminator-render=\"0\"\n\t\t\t\tdata-form-id=\"801\"\n\t\t\t\t\n\t\t\t\tdata-design=\"default\"\n\t\t\t\t\n\t\t\t\t\n\t\t\t\t\n\t\t\t\tdata-grid=\"open\"\n\t\t\t\t\n\t\t\t\t\n\t\t\t\tstyle=\"display: none;\"\n\t\t\t\t\n\t\t\t\tdata-uid=\"69fb3f395eef2\" action=\"\"\n\t\t\t><div role=\"alert\" aria-live=\"polite\" class=\"forminator-response-message forminator-error\" aria-hidden=\"true\"><\/div><div class=\"forminator-row\"><div id=\"name-1\" class=\"forminator-field-name forminator-col forminator-col-12\"><div class=\"forminator-field\"><label for=\"forminator-field-name-1_69fb3f395eef2\" id=\"forminator-field-name-1_69fb3f395eef2-label\" class=\"forminator-label\">Nimi <span class=\"forminator-required\">*<\/span><\/label><input type=\"text\" name=\"name-1\" value=\"\" placeholder=\"Kirjoita koko nimi\" id=\"forminator-field-name-1_69fb3f395eef2\" class=\"forminator-input forminator-name--field\" aria-required=\"true\" \/><\/div><\/div><\/div><div class=\"forminator-row\"><div id=\"email-1\" class=\"forminator-field-email forminator-col forminator-col-12\"><div class=\"forminator-field\"><label for=\"forminator-field-email-1_69fb3f395eef2\" id=\"forminator-field-email-1_69fb3f395eef2-label\" class=\"forminator-label\">S\u00e4hk\u00f6postiosoite <span class=\"forminator-required\">*<\/span><\/label><input type=\"email\" name=\"email-1\" value=\"\" placeholder=\"Kirjoita s\u00e4hk\u00f6postiosoitteesi\" id=\"forminator-field-email-1_69fb3f395eef2\" class=\"forminator-input forminator-email--field\" data-required=\"true\" aria-required=\"true\" aria-describedby=\"forminator-field-email-1_69fb3f395eef2-description\" \/><span id=\"forminator-field-email-1_69fb3f395eef2-description\" class=\"forminator-description\">K\u00e4yt\u00e4mme s\u00e4hk\u00f6postiosoitetta yhteydenotossame, joten varmista ett\u00e4 se on oikei kirjoitettu.<\/span><\/div><\/div><\/div><div class=\"forminator-row\"><div id=\"phone-1\" class=\"forminator-field-phone forminator-col forminator-col-12\"><div class=\"forminator-field\"><label for=\"forminator-field-phone-1_69fb3f395eef2\" id=\"forminator-field-phone-1_69fb3f395eef2-label\" class=\"forminator-label\">Puhelinnumero<\/label><input type=\"text\" name=\"phone-1\" value=\"\" placeholder=\"Kirjoita puhelinnumerosi\" id=\"forminator-field-phone-1_69fb3f395eef2\" class=\"forminator-input forminator-field--phone\" data-required=\"\" aria-required=\"false\" autocomplete=\"off\" aria-describedby=\"forminator-field-phone-1_69fb3f395eef2-description\" \/><span id=\"forminator-field-phone-1_69fb3f395eef2-description\" class=\"forminator-description\">Vaihtoehtoinen kentt\u00e4 - jos haluat ett\u00e4 soitamme sinulle<\/span><\/div><\/div><\/div><div class=\"forminator-row\"><div id=\"textarea-1\" class=\"forminator-field-textarea forminator-col forminator-col-12\"><div class=\"forminator-field\"><label for=\"forminator-field-textarea-1_69fb3f395eef2\" id=\"forminator-field-textarea-1_69fb3f395eef2-label\" class=\"forminator-label\">Viesti<\/label><textarea name=\"textarea-1\" placeholder=\"Kirjoita yhteydenotto pyynt\u00f6si t\u00e4nne\" id=\"forminator-field-textarea-1_69fb3f395eef2\" class=\"forminator-textarea\" rows=\"6\" style=\"min-height:140px;\" maxlength=\"300\" aria-describedby=\"forminator-field-textarea-1_69fb3f395eef2-description\" ><\/textarea><span id=\"forminator-field-textarea-1_69fb3f395eef2-description\" class=\"forminator-description\">Kerro meille lyhyesti kuinka voimme auttaa sinua. Olemme yhteydess\u00e4 sinuun mahdollisimman nopeasti.<span data-limit=\"300\" data-type=\"characters\" data-editor=\"\">0 \/ 300<\/span><\/span><\/div><\/div><\/div><div class=\"forminator-row\"><div id=\"consent-1\" class=\"forminator-field-consent forminator-col forminator-col-12\"><div class=\"forminator-field\"><label for=\"forminator-field-consent-1_69fb3f395eef2\" id=\"forminator-field-consent-1_69fb3f395eef2-label\" class=\"forminator-label\">Annan suostumukseni siihen, ett\u00e4 Worker in Finland tallentaa ja k\u00e4sittelee henkil\u00f6tietojani vastatakseen yhteydenottooni. <span class=\"forminator-required\">*<\/span><\/label><div class=\"forminator-checkbox__wrapper\"><label id=\"forminator-field-consent-1_69fb3f395eef2__label\" class=\"forminator-checkbox forminator-consent\" aria-labelledby=\"forminator-field-consent-1_69fb3f395eef2-label\" aria-hidden=\"true\"><input type=\"checkbox\" name=\"consent-1\" id=\"forminator-field-consent-1_69fb3f395eef2\" value=\"checked\" aria-labelledby=\"forminator-field-consent-1_69fb3f395eef2-label\" aria-describedby=\"forminator-field-consent-1_69fb3f395eef2__description\" data-required=\"true\" aria-required=\"true\" \/><span class=\"forminator-checkbox-box\" aria-hidden=\"true\"><\/span><\/label><div id=\"forminator-field-consent-1_69fb3f395eef2__description\" class=\"forminator-checkbox__label forminator-consent__label\"><p>Voit lukea lis\u00e4\u00e4 tietosuojastamme <a href=\"https:\/\/workerinfinland.com\/fi\/privacy-policy\/\">Tietosuojak\u00e4yt\u00e4nt\u00f6<\/a>.<\/p><\/div><\/div><\/div><\/div><\/div><div class=\"forminator-row forminator-hidden\"><input type=\"hidden\" id=\"hidden-1_69fb3f395eef2\" name=\"hidden-1\" value=\"06\/05\/2026\" \/><\/div><div class=\"forminator-row forminator-hidden\"><input type=\"hidden\" id=\"hidden-2_69fb3f395eef2\" name=\"hidden-2\" value=\"3:16:41 pm, UTC\" \/><\/div><input type=\"hidden\" name=\"referer_url\" value=\"\" \/><div class=\"forminator-row forminator-row-last\"><div class=\"forminator-col\"><div class=\"forminator-field\"><button class=\"forminator-button forminator-button-submit\">L\u00e4het\u00e4<\/button><\/div><\/div><\/div><input type=\"hidden\" id=\"forminator_nonce\" name=\"forminator_nonce\" value=\"d351745322\" \/><input type=\"hidden\" name=\"_wp_http_referer\" value=\"\/fi\/wp-json\/wp\/v2\/pages\/315\" \/><input type=\"hidden\" name=\"form_id\" value=\"801\"><input type=\"hidden\" name=\"page_id\" value=\"315\"><input type=\"hidden\" name=\"form_type\" value=\"default\"><input type=\"hidden\" name=\"current_url\" value=\"https:\/\/workerinfinland.com\/fi\/contact-us\/\"><input type=\"hidden\" name=\"render_id\" value=\"0\"><input type=\"hidden\" name=\"action\" value=\"forminator_submit_form_custom-forms\"><label for=\"input_8\" class=\"forminator-hidden\" aria-hidden=\"true\">Please do not fill in this field. <input id=\"input_8\" type=\"text\" name=\"input_8\" value=\"\" autocomplete=\"off\"><\/label><input type=\"hidden\" name=\"trp-form-language\" value=\"fi\"\/><\/form><\/div>\n\t\t\t\t\t\t<\/div>\n\t\t\t\t<\/div>\n\t\t\t\t\t<\/div>\n\t\t\t\t<\/div>\n\t\t\t\t<\/div>","protected":false},"excerpt":{"rendered":"<p>Yhteydenotto lomake<\/p>","protected":false},"author":2,"featured_media":0,"parent":0,"menu_order":0,"comment_status":"closed","ping_status":"closed","template":"","meta":{"_acf_changed":false,"site-sidebar-layout":"no-sidebar","site-content-layout":"","ast-site-content-layout":"full-width-container","site-content-style":"default","site-sidebar-style":"default","ast-global-header-display":"","ast-banner-title-visibility":"","ast-main-header-display":"","ast-hfb-above-header-display":"","ast-hfb-below-header-display":"","ast-hfb-mobile-header-display":"","site-post-title":"disabled","ast-breadcrumbs-content":"","ast-featured-img":"disabled","footer-sml-layout":"","theme-transparent-header-meta":"default","adv-header-id-meta":"","stick-header-meta":"","header-above-stick-meta":"","header-main-stick-meta":"","header-below-stick-meta":"","astra-migrate-meta-layouts":"set","ast-page-background-enabled":"default","ast-page-background-meta":{"desktop":{"background-color":"var(--ast-global-color-5)","background-image":"","background-repeat":"repeat","background-position":"center center","background-size":"auto","background-attachment":"scroll","background-type":"","background-media":"","overlay-type":"","overlay-color":"","overlay-opacity":"","overlay-gradient":""},"tablet":{"background-color":"","background-image":"","background-repeat":"repeat","background-position":"center center","background-size":"auto","background-attachment":"scroll","background-type":"","background-media":"","overlay-type":"","overlay-color":"","overlay-opacity":"","overlay-gradient":""},"mobile":{"background-color":"","background-image":"","background-repeat":"repeat","background-position":"center center","background-size":"auto","background-attachment":"scroll","background-type":"","background-media":"","overlay-type":"","overlay-color":"","overlay-opacity":"","overlay-gradient":""}},"ast-content-background-meta":{"desktop":{"background-color":"var(--ast-global-color-4)","background-image":"","background-repeat":"repeat","background-position":"center center","background-size":"auto","background-attachment":"scroll","background-type":"","background-media":"","overlay-type":"","overlay-color":"","overlay-opacity":"","overlay-gradient":""},"tablet":{"background-color":"var(--ast-global-color-4)","background-image":"","background-repeat":"repeat","background-position":"center center","background-size":"auto","background-attachment":"scroll","background-type":"","background-media":"","overlay-type":"","overlay-color":"","overlay-opacity":"","overlay-gradient":""},"mobile":{"background-color":"var(--ast-global-color-4)","background-image":"","background-repeat":"repeat","background-position":"center center","background-size":"auto","background-attachment":"scroll","background-type":"","background-media":"","overlay-type":"","overlay-color":"","overlay-opacity":"","overlay-gradient":""}},"iawp_total_views":99,"footnotes":""},"class_list":["post-315","page","type-page","status-publish","hentry"],"acf":[],"yoast_head":"<!-- This site is optimized with the Yoast SEO plugin v25.4 - https:\/\/yoast.com\/wordpress\/plugins\/seo\/ -->\n<title>Contact us - Worker In Finland<\/title>\n<meta name=\"robots\" content=\"index, follow, max-snippet:-1, max-image-preview:large, max-video-preview:-1\" \/>\n<link rel=\"canonical\" href=\"https:\/\/workerinfinland.com\/fi\/contact-us\/\" \/>\n<meta property=\"og:locale\" content=\"fi_FI\" \/>\n<meta property=\"og:type\" content=\"article\" \/>\n<meta property=\"og:title\" content=\"Contact us - Worker In Finland\" \/>\n<meta property=\"og:description\" content=\"Contact Form\" \/>\n<meta property=\"og:url\" content=\"https:\/\/workerinfinland.com\/fi\/contact-us\/\" \/>\n<meta property=\"og:site_name\" content=\"Worker In Finland\" \/>\n<meta property=\"article:modified_time\" content=\"2025-04-28T11:24:56+00:00\" \/>\n<meta name=\"twitter:card\" content=\"summary_large_image\" \/>\n<meta name=\"twitter:label1\" content=\"Arvioitu lukuaika\" \/>\n\t<meta name=\"twitter:data1\" content=\"1 minuutti\" \/>\n<script type=\"application\/ld+json\" class=\"yoast-schema-graph\">{\"@context\":\"https:\/\/schema.org\",\"@graph\":[{\"@type\":\"WebPage\",\"@id\":\"https:\/\/workerinfinland.com\/contact-us\/\",\"url\":\"https:\/\/workerinfinland.com\/contact-us\/\",\"name\":\"Contact us - Worker In Finland\",\"isPartOf\":{\"@id\":\"https:\/\/workerinfinland.com\/#website\"},\"datePublished\":\"2025-02-27T08:21:51+00:00\",\"dateModified\":\"2025-04-28T11:24:56+00:00\",\"breadcrumb\":{\"@id\":\"https:\/\/workerinfinland.com\/contact-us\/#breadcrumb\"},\"inLanguage\":\"fi\",\"potentialAction\":[{\"@type\":\"ReadAction\",\"target\":[\"https:\/\/workerinfinland.com\/contact-us\/\"]}]},{\"@type\":\"BreadcrumbList\",\"@id\":\"https:\/\/workerinfinland.com\/contact-us\/#breadcrumb\",\"itemListElement\":[{\"@type\":\"ListItem\",\"position\":1,\"name\":\"Home\",\"item\":\"https:\/\/workerinfinland.com\/\"},{\"@type\":\"ListItem\",\"position\":2,\"name\":\"Contact us\"}]},{\"@type\":\"WebSite\",\"@id\":\"https:\/\/workerinfinland.com\/#website\",\"url\":\"https:\/\/workerinfinland.com\/\",\"name\":\"Worker In Finland\",\"description\":\"\",\"potentialAction\":[{\"@type\":\"SearchAction\",\"target\":{\"@type\":\"EntryPoint\",\"urlTemplate\":\"https:\/\/workerinfinland.com\/?s={search_term_string}\"},\"query-input\":{\"@type\":\"PropertyValueSpecification\",\"valueRequired\":true,\"valueName\":\"search_term_string\"}}],\"inLanguage\":\"fi\"}]}<\/script>\n<!-- \/ Yoast SEO plugin. -->","yoast_head_json":{"title":"Contact us - Worker In Finland","robots":{"index":"index","follow":"follow","max-snippet":"max-snippet:-1","max-image-preview":"max-image-preview:large","max-video-preview":"max-video-preview:-1"},"canonical":"https:\/\/workerinfinland.com\/fi\/contact-us\/","og_locale":"fi_FI","og_type":"article","og_title":"Contact us - Worker In Finland","og_description":"Contact Form","og_url":"https:\/\/workerinfinland.com\/fi\/contact-us\/","og_site_name":"Worker In Finland","article_modified_time":"2025-04-28T11:24:56+00:00","twitter_card":"summary_large_image","twitter_misc":{"Arvioitu lukuaika":"1 minuutti"},"schema":{"@context":"https:\/\/schema.org","@graph":[{"@type":"WebPage","@id":"https:\/\/workerinfinland.com\/contact-us\/","url":"https:\/\/workerinfinland.com\/contact-us\/","name":"Contact us - Worker In Finland","isPartOf":{"@id":"https:\/\/workerinfinland.com\/#website"},"datePublished":"2025-02-27T08:21:51+00:00","dateModified":"2025-04-28T11:24:56+00:00","breadcrumb":{"@id":"https:\/\/workerinfinland.com\/contact-us\/#breadcrumb"},"inLanguage":"fi","potentialAction":[{"@type":"ReadAction","target":["https:\/\/workerinfinland.com\/contact-us\/"]}]},{"@type":"BreadcrumbList","@id":"https:\/\/workerinfinland.com\/contact-us\/#breadcrumb","itemListElement":[{"@type":"ListItem","position":1,"name":"Home","item":"https:\/\/workerinfinland.com\/"},{"@type":"ListItem","position":2,"name":"Contact us"}]},{"@type":"WebSite","@id":"https:\/\/workerinfinland.com\/#website","url":"https:\/\/workerinfinland.com\/","name":"Worker In Finland","description":"","potentialAction":[{"@type":"SearchAction","target":{"@type":"EntryPoint","urlTemplate":"https:\/\/workerinfinland.com\/?s={search_term_string}"},"query-input":{"@type":"PropertyValueSpecification","valueRequired":true,"valueName":"search_term_string"}}],"inLanguage":"fi"}]}},"_links":{"self":[{"href":"https:\/\/workerinfinland.com\/fi\/wp-json\/wp\/v2\/pages\/315","targetHints":{"allow":["GET"]}}],"collection":[{"href":"https:\/\/workerinfinland.com\/fi\/wp-json\/wp\/v2\/pages"}],"about":[{"href":"https:\/\/workerinfinland.com\/fi\/wp-json\/wp\/v2\/types\/page"}],"author":[{"embeddable":true,"href":"https:\/\/workerinfinland.com\/fi\/wp-json\/wp\/v2\/users\/2"}],"replies":[{"embeddable":true,"href":"https:\/\/workerinfinland.com\/fi\/wp-json\/wp\/v2\/comments?post=315"}],"version-history":[{"count":13,"href":"https:\/\/workerinfinland.com\/fi\/wp-json\/wp\/v2\/pages\/315\/revisions"}],"predecessor-version":[{"id":807,"href":"https:\/\/workerinfinland.com\/fi\/wp-json\/wp\/v2\/pages\/315\/revisions\/807"}],"wp:attachment":[{"href":"https:\/\/workerinfinland.com\/fi\/wp-json\/wp\/v2\/media?parent=315"}],"curies":[{"name":"wp","href":"https:\/\/api.w.org\/{rel}","templated":true}]}}