{"id":30,"date":"2025-02-24T13:58:51","date_gmt":"2025-02-24T11:58:51","guid":{"rendered":"https:\/\/workerinfinland.com\/?page_id=30"},"modified":"2025-04-30T12:57:38","modified_gmt":"2025-04-30T10:57:38","slug":"employer","status":"publish","type":"page","link":"https:\/\/workerinfinland.com\/fi\/employer\/","title":{"rendered":"Ty\u00f6nantaja"},"content":{"rendered":"<div data-elementor-type=\"wp-post\" data-elementor-id=\"30\" class=\"elementor elementor-30\">\n\t\t\t\t<div class=\"elementor-element elementor-element-8d38710 e-flex e-con-boxed e-con e-parent\" data-id=\"8d38710\" data-element_type=\"container\" data-settings=\"{&quot;background_background&quot;:&quot;classic&quot;}\">\n\t\t\t\t\t<div class=\"e-con-inner\">\n\t\t<div class=\"elementor-element elementor-element-0943887 e-con-full e-flex e-con e-child\" data-id=\"0943887\" data-element_type=\"container\">\n\t\t\t\t<div class=\"elementor-element elementor-element-3b7a957 elementor-widget elementor-widget-spacer\" data-id=\"3b7a957\" data-element_type=\"widget\" data-widget_type=\"spacer.default\">\n\t\t\t\t<div class=\"elementor-widget-container\">\n\t\t\t\t\t\t\t<div class=\"elementor-spacer\">\n\t\t\t<div class=\"elementor-spacer-inner\"><\/div>\n\t\t<\/div>\n\t\t\t\t\t\t<\/div>\n\t\t\t\t<\/div>\n\t\t\t\t<div class=\"elementor-element elementor-element-a46f232 elementor-widget elementor-widget-heading\" data-id=\"a46f232\" data-element_type=\"widget\" data-widget_type=\"heading.default\">\n\t\t\t\t<div class=\"elementor-widget-container\">\n\t\t\t\t\t<h2 class=\"elementor-heading-title elementor-size-default\">Ty\u00f6nantaja<\/h2>\t\t\t\t<\/div>\n\t\t\t\t<\/div>\n\t\t\t\t<div class=\"elementor-element elementor-element-f91568c elementor-widget elementor-widget-spacer\" data-id=\"f91568c\" data-element_type=\"widget\" data-widget_type=\"spacer.default\">\n\t\t\t\t<div class=\"elementor-widget-container\">\n\t\t\t\t\t\t\t<div class=\"elementor-spacer\">\n\t\t\t<div class=\"elementor-spacer-inner\"><\/div>\n\t\t<\/div>\n\t\t\t\t\t\t<\/div>\n\t\t\t\t<\/div>\n\t\t\t\t<\/div>\n\t\t\t\t\t<\/div>\n\t\t\t\t<\/div>\n\t\t<div class=\"elementor-element elementor-element-fc099fb e-flex e-con-boxed e-con e-parent\" data-id=\"fc099fb\" data-element_type=\"container\">\n\t\t\t\t\t<div class=\"e-con-inner\">\n\t\t<div class=\"elementor-element elementor-element-2470397 e-con-full e-flex e-con e-child\" data-id=\"2470397\" data-element_type=\"container\">\n\t\t<div class=\"elementor-element elementor-element-02e7d7b e-con-full e-flex e-con e-child\" data-id=\"02e7d7b\" data-element_type=\"container\">\n\t\t\t\t<div class=\"elementor-element elementor-element-80aedb4 elementor-widget elementor-widget-hfe-breadcrumbs-widget\" data-id=\"80aedb4\" data-element_type=\"widget\" data-widget_type=\"hfe-breadcrumbs-widget.default\">\n\t\t\t\t<div class=\"elementor-widget-container\">\n\t\t\t\t\t<nav aria-label=\"Breadcrumb\"><ul class=\"hfe-breadcrumbs hfe-breadcrumbs-show-home\"><li class=\"hfe-breadcrumbs-item hfe-breadcrumbs-first\"><span class=\"hfe-breadcrumbs-home-icon\"><svg aria-hidden=\"true\" class=\"e-font-icon-svg e-fas-home\" viewbox=\"0 0 576 512\" xmlns=\"http:\/\/www.w3.org\/2000\/svg\"><path d=\"M280.37 148.26L96 300.11V464a16 16 0 0 0 16 16l112.06-.29a16 16 0 0 0 15.92-16V368a16 16 0 0 1 16-16h64a16 16 0 0 1 16 16v95.64a16 16 0 0 0 16 16.05L464 480a16 16 0 0 0 16-16V300L295.67 148.26a12.19 12.19 0 0 0-15.3 0zM571.6 251.47L488 182.56V44.05a12 12 0 0 0-12-12h-56a12 12 0 0 0-12 12v72.61L318.47 43a48 48 0 0 0-61 0L4.34 251.47a12 12 0 0 0-1.6 16.9l25.5 31A12 12 0 0 0 45.15 301l235.22-193.74a12.19 12.19 0 0 1 15.3 0L530.9 301a12 12 0 0 0 16.9-1.6l25.5-31a12 12 0 0 0-1.7-16.93z\"><\/path><\/svg><\/span><a href=\"https:\/\/workerinfinland.com\/fi\"><span class=\"hfe-breadcrumbs-text\">Home<\/span><\/a><\/li><\/ul><\/nav>\t\t\t\t<\/div>\n\t\t\t\t<\/div>\n\t\t\t\t<div class=\"elementor-element elementor-element-b781d26 elementor-widget elementor-widget-elementskit-heading\" data-id=\"b781d26\" data-element_type=\"widget\" data-widget_type=\"elementskit-heading.default\">\n\t\t\t\t<div class=\"elementor-widget-container\">\n\t\t\t\t\t<div class=\"ekit-wid-con\" ><div class=\"ekit-heading elementskit-section-title-wraper text_center   ekit_heading_tablet-   ekit_heading_mobile-\"><h2 class=\"ekit-heading--title elementskit-section-title\">L\u00f6yd\u00e4 oikeat osaajat yrityksellesi \u2013 helposti ja luotettavasti<\/h2><div class=\"ekit_heading_separetor_wraper ekit_heading_elementskit-border-divider\"><div class=\"elementskit-border-divider\"><\/div><\/div><\/div><\/div>\t\t\t\t<\/div>\n\t\t\t\t<\/div>\n\t\t\t\t<\/div>\n\t\t\t\t<div class=\"elementor-element elementor-element-458ab6e elementor-widget__width-initial elementor-widget elementor-widget-text-editor\" data-id=\"458ab6e\" data-element_type=\"widget\" data-widget_type=\"text-editor.default\">\n\t\t\t\t<div class=\"elementor-widget-container\">\n\t\t\t\t\t\t\t\t\t<p><strong>Tarvitsetko lis\u00e4\u00e4 osaavaa ty\u00f6voimaa? Me autamme sinua l\u00f6yt\u00e4m\u00e4\u00e4n parhaat kansainv\u00e4liset ammattilaiset!<\/strong><\/p><p>Kilpailu osaavasta ty\u00f6voimasta kiristyy Suomessa, mutta me tuomme ratkaisun suoraan yrityksesi ulottuville. Meid\u00e4n kauttamme saat ammattitaitoisia ja motivoituneita ty\u00f6ntekij\u00f6it\u00e4 ulkomailta \u2013 sujuvasti ja vaivattomasti.<\/p><h3 class=\"\" data-start=\"420\" data-end=\"470\"><strong data-start=\"424\" data-end=\"470\">Miksi rekrytoida ulkomailta meid\u00e4n avullamme?<\/strong><\/h3><ul data-start=\"472\" data-end=\"1035\"><li class=\"\" data-start=\"472\" data-end=\"583\"><p class=\"\" data-start=\"474\" data-end=\"583\"><strong data-start=\"474\" data-end=\"509\">Laaja kansainv\u00e4linen verkosto<\/strong> \u2013 P\u00e4\u00e4sy tuhansiin ty\u00f6halukkaisiin osaajiin eri toimialoilta.<\/p><\/li><li class=\"\" data-start=\"584\" data-end=\"700\"><p class=\"\" data-start=\"586\" data-end=\"700\"><strong data-start=\"586\" data-end=\"617\">Avaimet k\u00e4teen -rekrytointipalvelu<\/strong> \u2013 Hoidamme kaiken puolestasi, ty\u00f6ntekij\u00e4n valinnasta lupiin ja saapumiseen.<\/p><\/li><li class=\"\" data-start=\"701\" data-end=\"801\"><p class=\"\" data-start=\"703\" data-end=\"801\"><strong data-start=\"703\" data-end=\"737\">Nopea ja tehokas rekrytointi<\/strong> \u2013 S\u00e4\u00e4st\u00e4 aikaa ja rahaa, kun me huolehdimme prosessista.<\/p><\/li><li class=\"\" data-start=\"802\" data-end=\"921\"><p class=\"\" data-start=\"804\" data-end=\"921\"><strong data-start=\"804\" data-end=\"828\">Laadukkaat ty\u00f6ntekij\u00e4t<\/strong> \u2013 Valitsemme vain p\u00e4tevimm\u00e4t ja motivoituneimmat ehdokkaat yrityksesi tarpeisiin.<\/p><\/li><li class=\"\" data-start=\"922\" data-end=\"1035\"><p class=\"\" data-start=\"924\" data-end=\"1035\"><strong data-start=\"924\" data-end=\"953\">Byrokratia hallussa<\/strong> \u2013 Hoidamme ty\u00f6lupa-, oleskelulupa- ja muut viralliset asiakirjat.<\/p><\/li><\/ul><h3 class=\"\" data-start=\"1042\" data-end=\"1076\"><strong data-start=\"1046\" data-end=\"1076\">Miten prosessi toimii?<\/strong><\/h3><ol data-start=\"1078\" data-end=\"1586\"><li class=\"\" data-start=\"1078\" data-end=\"1172\"><p class=\"\" data-start=\"1081\" data-end=\"1172\"><strong data-start=\"1081\" data-end=\"1101\">Tarvekartoitus<\/strong> \u2013 Keskustelemme kanssasi ja selvit\u00e4mme, millaisia ty\u00f6ntekij\u00f6it\u00e4 tarvitset.<\/p><\/li><li class=\"\" data-start=\"1173\" data-end=\"1285\"><p class=\"\" data-start=\"1176\" data-end=\"1285\"><strong data-start=\"1176\" data-end=\"1205\">Rekrytointi ja seulonta<\/strong> \u2013 Haemme ja valitsemme sopivat ehdokkaat huolellisen prosessimme avulla.<\/p><\/li><li class=\"\" data-start=\"1286\" data-end=\"1390\"><p class=\"\" data-start=\"1289\" data-end=\"1390\"><strong data-start=\"1289\" data-end=\"1312\">Luvat ja saapuminen<\/strong> \u2013 Hoidamme viranomaisasiat, kuten ty\u00f6- ja oleskeluluvat.<\/p><\/li><li class=\"\" data-start=\"1391\" data-end=\"1483\"><p class=\"\" data-start=\"1394\" data-end=\"1483\"><strong data-start=\"1394\" data-end=\"1420\">Saapuminen ja perehdytys<\/strong> \u2013 Autamme ty\u00f6ntekij\u00f6it\u00e4 asettumaan Suomeen ja yritykseesi.<\/p><\/li><li class=\"\" data-start=\"1484\" data-end=\"1586\"><p class=\"\" data-start=\"1487\" data-end=\"1586\"><strong data-start=\"1487\" data-end=\"1512\">Tuki ja seuranta<\/strong> \u2013 Varmistamme, ett\u00e4 ty\u00f6ntekij\u00e4si viihtyv\u00e4t ja tuovat lis\u00e4arvoa yrityksellesi.<\/p><\/li><\/ol><h3 class=\"\" data-start=\"1593\" data-end=\"1626\"><strong data-start=\"1597\" data-end=\"1626\">Toimialat, joille rekrytoimme<\/strong><\/h3><ul data-start=\"1628\" data-end=\"1775\"><li class=\"\" data-start=\"1628\" data-end=\"1658\"><p class=\"\" data-start=\"1630\" data-end=\"1658\">Terveys<\/p><\/li><li class=\"\" data-start=\"1659\" data-end=\"1675\"><p class=\"\" data-start=\"1661\" data-end=\"1675\">Rakennusala<\/p><\/li><li class=\"\" data-start=\"1676\" data-end=\"1708\"><p class=\"\" data-start=\"1678\" data-end=\"1708\">Metalliteollisuus<\/p><\/li><li class=\"\" data-start=\"1709\" data-end=\"1741\"><p class=\"\" data-start=\"1711\" data-end=\"1741\">Hitsaajat<\/p><\/li><li class=\"\" data-start=\"1742\" data-end=\"1775\"><p class=\"\" data-start=\"1744\" data-end=\"1775\">Rekrytointi muille toimialoille on mahdollista sopimuksen mukaan<\/p><\/li><\/ul><p><b><a href=\"https:\/\/workerinfinland.com\/fi\/contact-us\/\">Ota yhteytt\u00e4<\/a> ja l\u00f6yd\u00e4 seuraava huippuosaajasi!<\/b><\/p>\t\t\t\t\t\t\t\t<\/div>\n\t\t\t\t<\/div>\n\t\t\t\t<div class=\"elementor-element elementor-element-e0cfd62 elementor-widget__width-initial elementor-hidden-mobile elementor-widget elementor-widget-image\" data-id=\"e0cfd62\" data-element_type=\"widget\" data-widget_type=\"image.default\">\n\t\t\t\t<div class=\"elementor-widget-container\">\n\t\t\t\t\t\t\t\t\t\t\t\t\t\t\t<img decoding=\"async\" src=\"https:\/\/workerinfinland.com\/wp-content\/uploads\/2025\/04\/recruiter_decorative_image-1.webp\" title=\"recruiter_decorative_image (1)\" alt=\"recruiter_decorative_image (1)\" loading=\"lazy\" \/>\t\t\t\t\t\t\t\t\t\t\t\t\t\t\t<\/div>\n\t\t\t\t<\/div>\n\t\t<div class=\"elementor-element elementor-element-449631c e-con-full elementor-hidden-mobile e-flex e-con e-child\" data-id=\"449631c\" data-element_type=\"container\">\n\t\t\t\t<div class=\"elementor-element elementor-element-3cad4d3 elementor-widget elementor-widget-spacer\" data-id=\"3cad4d3\" data-element_type=\"widget\" data-widget_type=\"spacer.default\">\n\t\t\t\t<div class=\"elementor-widget-container\">\n\t\t\t\t\t\t\t<div class=\"elementor-spacer\">\n\t\t\t<div class=\"elementor-spacer-inner\"><\/div>\n\t\t<\/div>\n\t\t\t\t\t\t<\/div>\n\t\t\t\t<\/div>\n\t\t\t\t<\/div>\n\t\t\t\t<\/div>\n\t\t\t\t\t<\/div>\n\t\t\t\t<\/div>\n\t\t<div class=\"elementor-element elementor-element-76d4f41 e-flex e-con-boxed e-con e-parent\" data-id=\"76d4f41\" data-element_type=\"container\">\n\t\t\t\t\t<div class=\"e-con-inner\">\n\t\t\t\t<div class=\"elementor-element elementor-element-3fd0fea elementor-widget__width-initial elementor-widget elementor-widget-text-editor\" data-id=\"3fd0fea\" data-element_type=\"widget\" data-widget_type=\"text-editor.default\">\n\t\t\t\t<div class=\"elementor-widget-container\">\n\t\t\t\t\t\t\t\t\t<p class=\"\" data-start=\"1833\" data-end=\"1958\"><strong>Haluatko kuulla lis\u00e4\u00e4?\nOta meihin yhteytt\u00e4 jo t\u00e4n\u00e4\u00e4n ja aloitetaan yrityksesi kasvun tukeminen kansainv\u00e4lisen ty\u00f6voiman avulla!<\/strong><\/p><p class=\"\" data-start=\"1960\" data-end=\"1974\"><a href=\"https:\/\/workerinfinland.com\/fi\/contact-us\/\"><strong data-start=\"1960\" data-end=\"1974\">Ota yhteytt\u00e4<\/strong><\/a><\/p>\t\t\t\t\t\t\t\t<\/div>\n\t\t\t\t<\/div>\n\t\t\t\t\t<\/div>\n\t\t\t\t<\/div>\n\t\t\t\t<\/div>","protected":false},"excerpt":{"rendered":"<p>Employer Home Find the Right Talent for Your Company \u2013 Easily and Reliably Need more skilled workforce? We help you [&hellip;]<\/p>","protected":false},"author":2,"featured_media":0,"parent":0,"menu_order":0,"comment_status":"closed","ping_status":"closed","template":"","meta":{"_acf_changed":false,"site-sidebar-layout":"no-sidebar","site-content-layout":"","ast-site-content-layout":"full-width-container","site-content-style":"default","site-sidebar-style":"default","ast-global-header-display":"","ast-banner-title-visibility":"","ast-main-header-display":"","ast-hfb-above-header-display":"","ast-hfb-below-header-display":"","ast-hfb-mobile-header-display":"","site-post-title":"disabled","ast-breadcrumbs-content":"","ast-featured-img":"disabled","footer-sml-layout":"","theme-transparent-header-meta":"default","adv-header-id-meta":"","stick-header-meta":"","header-above-stick-meta":"","header-main-stick-meta":"","header-below-stick-meta":"","astra-migrate-meta-layouts":"set","ast-page-background-enabled":"default","ast-page-background-meta":{"desktop":{"background-color":"var(--ast-global-color-5)","background-image":"","background-repeat":"repeat","background-position":"center center","background-size":"auto","background-attachment":"scroll","background-type":"","background-media":"","overlay-type":"","overlay-color":"","overlay-opacity":"","overlay-gradient":""},"tablet":{"background-color":"","background-image":"","background-repeat":"repeat","background-position":"center center","background-size":"auto","background-attachment":"scroll","background-type":"","background-media":"","overlay-type":"","overlay-color":"","overlay-opacity":"","overlay-gradient":""},"mobile":{"background-color":"","background-image":"","background-repeat":"repeat","background-position":"center center","background-size":"auto","background-attachment":"scroll","background-type":"","background-media":"","overlay-type":"","overlay-color":"","overlay-opacity":"","overlay-gradient":""}},"ast-content-background-meta":{"desktop":{"background-color":"var(--ast-global-color-4)","background-image":"","background-repeat":"repeat","background-position":"center center","background-size":"auto","background-attachment":"scroll","background-type":"","background-media":"","overlay-type":"","overlay-color":"","overlay-opacity":"","overlay-gradient":""},"tablet":{"background-color":"var(--ast-global-color-4)","background-image":"","background-repeat":"repeat","background-position":"center center","background-size":"auto","background-attachment":"scroll","background-type":"","background-media":"","overlay-type":"","overlay-color":"","overlay-opacity":"","overlay-gradient":""},"mobile":{"background-color":"var(--ast-global-color-4)","background-image":"","background-repeat":"repeat","background-position":"center center","background-size":"auto","background-attachment":"scroll","background-type":"","background-media":"","overlay-type":"","overlay-color":"","overlay-opacity":"","overlay-gradient":""}},"iawp_total_views":74,"footnotes":""},"class_list":["post-30","page","type-page","status-publish","hentry"],"acf":[],"yoast_head":"<!-- This site is optimized with the Yoast SEO plugin v25.4 - https:\/\/yoast.com\/wordpress\/plugins\/seo\/ -->\n<title>Employer - Worker In Finland<\/title>\n<meta name=\"robots\" content=\"index, follow, max-snippet:-1, max-image-preview:large, max-video-preview:-1\" \/>\n<link rel=\"canonical\" href=\"https:\/\/workerinfinland.com\/fi\/employer\/\" \/>\n<meta property=\"og:locale\" content=\"fi_FI\" \/>\n<meta property=\"og:type\" content=\"article\" \/>\n<meta property=\"og:title\" content=\"Employer - Worker In Finland\" \/>\n<meta property=\"og:description\" content=\"Employer Home Find the Right Talent for Your Company \u2013 Easily and Reliably Need more skilled workforce? We help you [&hellip;]\" \/>\n<meta property=\"og:url\" content=\"https:\/\/workerinfinland.com\/fi\/employer\/\" \/>\n<meta property=\"og:site_name\" content=\"Worker In Finland\" \/>\n<meta property=\"article:modified_time\" content=\"2025-04-30T10:57:38+00:00\" \/>\n<meta property=\"og:image\" content=\"https:\/\/workerinfinland.com\/wp-content\/uploads\/2025\/04\/recruiter_decorative_image-1.webp\" \/>\n<meta name=\"twitter:card\" content=\"summary_large_image\" \/>\n<meta name=\"twitter:label1\" content=\"Arvioitu lukuaika\" \/>\n\t<meta name=\"twitter:data1\" content=\"2 minuuttia\" \/>\n<script type=\"application\/ld+json\" class=\"yoast-schema-graph\">{\"@context\":\"https:\/\/schema.org\",\"@graph\":[{\"@type\":\"WebPage\",\"@id\":\"https:\/\/workerinfinland.com\/employer\/\",\"url\":\"https:\/\/workerinfinland.com\/employer\/\",\"name\":\"Employer - Worker In Finland\",\"isPartOf\":{\"@id\":\"https:\/\/workerinfinland.com\/#website\"},\"primaryImageOfPage\":{\"@id\":\"https:\/\/workerinfinland.com\/employer\/#primaryimage\"},\"image\":{\"@id\":\"https:\/\/workerinfinland.com\/employer\/#primaryimage\"},\"thumbnailUrl\":\"https:\/\/workerinfinland.com\/wp-content\/uploads\/2025\/04\/recruiter_decorative_image-1.webp\",\"datePublished\":\"2025-02-24T11:58:51+00:00\",\"dateModified\":\"2025-04-30T10:57:38+00:00\",\"breadcrumb\":{\"@id\":\"https:\/\/workerinfinland.com\/employer\/#breadcrumb\"},\"inLanguage\":\"fi\",\"potentialAction\":[{\"@type\":\"ReadAction\",\"target\":[\"https:\/\/workerinfinland.com\/employer\/\"]}]},{\"@type\":\"ImageObject\",\"inLanguage\":\"fi\",\"@id\":\"https:\/\/workerinfinland.com\/employer\/#primaryimage\",\"url\":\"https:\/\/workerinfinland.com\/wp-content\/uploads\/2025\/04\/recruiter_decorative_image-1.webp\",\"contentUrl\":\"https:\/\/workerinfinland.com\/wp-content\/uploads\/2025\/04\/recruiter_decorative_image-1.webp\"},{\"@type\":\"BreadcrumbList\",\"@id\":\"https:\/\/workerinfinland.com\/employer\/#breadcrumb\",\"itemListElement\":[{\"@type\":\"ListItem\",\"position\":1,\"name\":\"Home\",\"item\":\"https:\/\/workerinfinland.com\/\"},{\"@type\":\"ListItem\",\"position\":2,\"name\":\"Employer\"}]},{\"@type\":\"WebSite\",\"@id\":\"https:\/\/workerinfinland.com\/#website\",\"url\":\"https:\/\/workerinfinland.com\/\",\"name\":\"Worker In Finland\",\"description\":\"\",\"potentialAction\":[{\"@type\":\"SearchAction\",\"target\":{\"@type\":\"EntryPoint\",\"urlTemplate\":\"https:\/\/workerinfinland.com\/?s={search_term_string}\"},\"query-input\":{\"@type\":\"PropertyValueSpecification\",\"valueRequired\":true,\"valueName\":\"search_term_string\"}}],\"inLanguage\":\"fi\"}]}<\/script>\n<!-- \/ Yoast SEO plugin. -->","yoast_head_json":{"title":"Employer - Worker In Finland","robots":{"index":"index","follow":"follow","max-snippet":"max-snippet:-1","max-image-preview":"max-image-preview:large","max-video-preview":"max-video-preview:-1"},"canonical":"https:\/\/workerinfinland.com\/fi\/employer\/","og_locale":"fi_FI","og_type":"article","og_title":"Employer - Worker In Finland","og_description":"Employer Home Find the Right Talent for Your Company \u2013 Easily and Reliably Need more skilled workforce? We help you [&hellip;]","og_url":"https:\/\/workerinfinland.com\/fi\/employer\/","og_site_name":"Worker In Finland","article_modified_time":"2025-04-30T10:57:38+00:00","og_image":[{"url":"https:\/\/workerinfinland.com\/wp-content\/uploads\/2025\/04\/recruiter_decorative_image-1.webp","type":"","width":"","height":""}],"twitter_card":"summary_large_image","twitter_misc":{"Arvioitu lukuaika":"2 minuuttia"},"schema":{"@context":"https:\/\/schema.org","@graph":[{"@type":"WebPage","@id":"https:\/\/workerinfinland.com\/employer\/","url":"https:\/\/workerinfinland.com\/employer\/","name":"Employer - Worker In Finland","isPartOf":{"@id":"https:\/\/workerinfinland.com\/#website"},"primaryImageOfPage":{"@id":"https:\/\/workerinfinland.com\/employer\/#primaryimage"},"image":{"@id":"https:\/\/workerinfinland.com\/employer\/#primaryimage"},"thumbnailUrl":"https:\/\/workerinfinland.com\/wp-content\/uploads\/2025\/04\/recruiter_decorative_image-1.webp","datePublished":"2025-02-24T11:58:51+00:00","dateModified":"2025-04-30T10:57:38+00:00","breadcrumb":{"@id":"https:\/\/workerinfinland.com\/employer\/#breadcrumb"},"inLanguage":"fi","potentialAction":[{"@type":"ReadAction","target":["https:\/\/workerinfinland.com\/employer\/"]}]},{"@type":"ImageObject","inLanguage":"fi","@id":"https:\/\/workerinfinland.com\/employer\/#primaryimage","url":"https:\/\/workerinfinland.com\/wp-content\/uploads\/2025\/04\/recruiter_decorative_image-1.webp","contentUrl":"https:\/\/workerinfinland.com\/wp-content\/uploads\/2025\/04\/recruiter_decorative_image-1.webp"},{"@type":"BreadcrumbList","@id":"https:\/\/workerinfinland.com\/employer\/#breadcrumb","itemListElement":[{"@type":"ListItem","position":1,"name":"Home","item":"https:\/\/workerinfinland.com\/"},{"@type":"ListItem","position":2,"name":"Employer"}]},{"@type":"WebSite","@id":"https:\/\/workerinfinland.com\/#website","url":"https:\/\/workerinfinland.com\/","name":"Worker In Finland","description":"","potentialAction":[{"@type":"SearchAction","target":{"@type":"EntryPoint","urlTemplate":"https:\/\/workerinfinland.com\/?s={search_term_string}"},"query-input":{"@type":"PropertyValueSpecification","valueRequired":true,"valueName":"search_term_string"}}],"inLanguage":"fi"}]}},"_links":{"self":[{"href":"https:\/\/workerinfinland.com\/fi\/wp-json\/wp\/v2\/pages\/30","targetHints":{"allow":["GET"]}}],"collection":[{"href":"https:\/\/workerinfinland.com\/fi\/wp-json\/wp\/v2\/pages"}],"about":[{"href":"https:\/\/workerinfinland.com\/fi\/wp-json\/wp\/v2\/types\/page"}],"author":[{"embeddable":true,"href":"https:\/\/workerinfinland.com\/fi\/wp-json\/wp\/v2\/users\/2"}],"replies":[{"embeddable":true,"href":"https:\/\/workerinfinland.com\/fi\/wp-json\/wp\/v2\/comments?post=30"}],"version-history":[{"count":18,"href":"https:\/\/workerinfinland.com\/fi\/wp-json\/wp\/v2\/pages\/30\/revisions"}],"predecessor-version":[{"id":923,"href":"https:\/\/workerinfinland.com\/fi\/wp-json\/wp\/v2\/pages\/30\/revisions\/923"}],"wp:attachment":[{"href":"https:\/\/workerinfinland.com\/fi\/wp-json\/wp\/v2\/media?parent=30"}],"curies":[{"name":"wp","href":"https:\/\/api.w.org\/{rel}","templated":true}]}}