{"id":110,"date":"2025-02-26T12:53:27","date_gmt":"2025-02-26T10:53:27","guid":{"rendered":"https:\/\/workerinfinland.com\/?page_id=110"},"modified":"2025-04-28T14:07:37","modified_gmt":"2025-04-28T12:07:37","slug":"about-us","status":"publish","type":"page","link":"https:\/\/workerinfinland.com\/fi\/about-us\/","title":{"rendered":"Meist\u00e4"},"content":{"rendered":"<div data-elementor-type=\"wp-page\" data-elementor-id=\"110\" class=\"elementor elementor-110\">\n\t\t\t\t<div class=\"elementor-element elementor-element-7bab528 e-flex e-con-boxed e-con e-parent\" data-id=\"7bab528\" data-element_type=\"container\" data-settings=\"{&quot;background_background&quot;:&quot;classic&quot;}\">\n\t\t\t\t\t<div class=\"e-con-inner\">\n\t\t<div class=\"elementor-element elementor-element-2e02356 e-con-full e-flex e-con e-child\" data-id=\"2e02356\" data-element_type=\"container\">\n\t\t\t\t<div class=\"elementor-element elementor-element-17b8e28 elementor-widget elementor-widget-spacer\" data-id=\"17b8e28\" data-element_type=\"widget\" data-widget_type=\"spacer.default\">\n\t\t\t\t<div class=\"elementor-widget-container\">\n\t\t\t\t\t\t\t<div class=\"elementor-spacer\">\n\t\t\t<div class=\"elementor-spacer-inner\"><\/div>\n\t\t<\/div>\n\t\t\t\t\t\t<\/div>\n\t\t\t\t<\/div>\n\t\t\t\t<div class=\"elementor-element elementor-element-c1e2cbf elementor-widget elementor-widget-heading\" data-id=\"c1e2cbf\" data-element_type=\"widget\" data-widget_type=\"heading.default\">\n\t\t\t\t<div class=\"elementor-widget-container\">\n\t\t\t\t\t<h2 class=\"elementor-heading-title elementor-size-default\">Meist\u00e4<\/h2>\t\t\t\t<\/div>\n\t\t\t\t<\/div>\n\t\t\t\t<div class=\"elementor-element elementor-element-df7fae1 elementor-widget elementor-widget-spacer\" data-id=\"df7fae1\" data-element_type=\"widget\" data-widget_type=\"spacer.default\">\n\t\t\t\t<div class=\"elementor-widget-container\">\n\t\t\t\t\t\t\t<div class=\"elementor-spacer\">\n\t\t\t<div class=\"elementor-spacer-inner\"><\/div>\n\t\t<\/div>\n\t\t\t\t\t\t<\/div>\n\t\t\t\t<\/div>\n\t\t\t\t<\/div>\n\t\t\t\t\t<\/div>\n\t\t\t\t<\/div>\n\t\t<div class=\"elementor-element elementor-element-6cf1a6d e-flex e-con-boxed e-con e-parent\" data-id=\"6cf1a6d\" data-element_type=\"container\">\n\t\t\t\t\t<div class=\"e-con-inner\">\n\t\t<div class=\"elementor-element elementor-element-903132a e-con-full e-flex e-con e-child\" data-id=\"903132a\" data-element_type=\"container\">\n\t\t<div class=\"elementor-element elementor-element-abe85ea e-con-full e-flex e-con e-child\" data-id=\"abe85ea\" data-element_type=\"container\">\n\t\t\t\t<div class=\"elementor-element elementor-element-69e664a elementor-widget elementor-widget-hfe-breadcrumbs-widget\" data-id=\"69e664a\" data-element_type=\"widget\" data-widget_type=\"hfe-breadcrumbs-widget.default\">\n\t\t\t\t<div class=\"elementor-widget-container\">\n\t\t\t\t\t<nav aria-label=\"Breadcrumb\"><ul class=\"hfe-breadcrumbs hfe-breadcrumbs-show-home\"><li class=\"hfe-breadcrumbs-item hfe-breadcrumbs-first\"><span class=\"hfe-breadcrumbs-home-icon\"><svg aria-hidden=\"true\" class=\"e-font-icon-svg e-fas-home\" viewbox=\"0 0 576 512\" xmlns=\"http:\/\/www.w3.org\/2000\/svg\"><path d=\"M280.37 148.26L96 300.11V464a16 16 0 0 0 16 16l112.06-.29a16 16 0 0 0 15.92-16V368a16 16 0 0 1 16-16h64a16 16 0 0 1 16 16v95.64a16 16 0 0 0 16 16.05L464 480a16 16 0 0 0 16-16V300L295.67 148.26a12.19 12.19 0 0 0-15.3 0zM571.6 251.47L488 182.56V44.05a12 12 0 0 0-12-12h-56a12 12 0 0 0-12 12v72.61L318.47 43a48 48 0 0 0-61 0L4.34 251.47a12 12 0 0 0-1.6 16.9l25.5 31A12 12 0 0 0 45.15 301l235.22-193.74a12.19 12.19 0 0 1 15.3 0L530.9 301a12 12 0 0 0 16.9-1.6l25.5-31a12 12 0 0 0-1.7-16.93z\"><\/path><\/svg><\/span><a href=\"https:\/\/workerinfinland.com\/fi\"><span class=\"hfe-breadcrumbs-text\">Home<\/span><\/a><\/li><\/ul><\/nav>\t\t\t\t<\/div>\n\t\t\t\t<\/div>\n\t\t\t\t<div class=\"elementor-element elementor-element-16c3b3a elementor-widget elementor-widget-elementskit-heading\" data-id=\"16c3b3a\" data-element_type=\"widget\" data-widget_type=\"elementskit-heading.default\">\n\t\t\t\t<div class=\"elementor-widget-container\">\n\t\t\t\t\t<div class=\"ekit-wid-con\" ><div class=\"ekit-heading elementskit-section-title-wraper text_center   ekit_heading_tablet-   ekit_heading_mobile-\"><h2 class=\"ekit-heading--title elementskit-section-title\">Yhdist\u00e4mme osaajat ja mahdollisuudet Suomessa<\/h2><div class=\"ekit_heading_separetor_wraper ekit_heading_elementskit-border-divider\"><div class=\"elementskit-border-divider\"><\/div><\/div><\/div><\/div>\t\t\t\t<\/div>\n\t\t\t\t<\/div>\n\t\t\t\t<\/div>\n\t\t\t\t<div class=\"elementor-element elementor-element-b45f459 elementor-widget__width-initial elementor-widget elementor-widget-text-editor\" data-id=\"b45f459\" data-element_type=\"widget\" data-widget_type=\"text-editor.default\">\n\t\t\t\t<div class=\"elementor-widget-container\">\n\t\t\t\t\t\t\t\t\t<p class=\"translation-block\" data-start=\"176\" data-end=\"458\"><strong data-start=\"179\" data-end=\"202\">Worker In Finlandilla<\/strong> uskomme, ett\u00e4 oikeat ihmiset voivat muuttaa organisaatioita \u2013 ja ihmisten el\u00e4m\u00e4\u00e4.\nPerustettu Turussa, Suomessa \u2013 meid\u00e4n teht\u00e4v\u00e4mme on kuroa umpeen kuilu lahjakkaiden kansainv\u00e4listen ty\u00f6nhakijoiden ja suomalaisten yritysten v\u00e4lill\u00e4, jotka haluavat kasvaa ja menesty\u00e4 nykyp\u00e4iv\u00e4n globaalissa taloudessa.<\/p><p class=\"\" data-start=\"460\" data-end=\"717\">Olemme erikoistuneet auttamaan osaavia ihmisi\u00e4 ymp\u00e4ri maailmaa l\u00f6yt\u00e4m\u00e4\u00e4n merkityksellisi\u00e4 uramahdollisuuksia eri puolilta Suomea.\nOlitpa sitten kokenut ammattilainen tai vasta ensimm\u00e4ist\u00e4 ty\u00f6paikkaasi ulkomailla etsiv\u00e4 tulokas, olemme tukenasi jokaisessa vaiheessa.<\/p><p class=\"\" data-start=\"719\" data-end=\"958\">Ty\u00f6nantajille tarjoamme p\u00e4\u00e4syn monipuoliseen ja motivoituneeseen osaajaverkostoon.\nTeemme rekrytoinnista helpompaa, nopeampaa ja tehokkaampaa yhdist\u00e4m\u00e4ll\u00e4 oikeat ehdokkaat oikeisiin yrityksiin \u2013 varmistaen, ett\u00e4 molemmat osapuolet voivat edet\u00e4 luottavaisin mielin.<\/p><h3 class=\"\" data-start=\"484\" data-end=\"501\">Missiomme<\/h3><p>Teemme rajojen ylitt\u00e4misest\u00e4 Suomen ty\u00f6markkinoille yksinkertaista, reilua ja sujuvaa.\nOlemme sitoutuneet rakentamaan luotettavia kumppanuuksia sek\u00e4 ty\u00f6nhakijoiden ett\u00e4 ty\u00f6nantajien kanssa \u2014 avoimuuden, kunnioituksen ja yhteisen menestystavoitteen pohjalta.<\/p><h3 class=\"\" data-start=\"484\" data-end=\"501\">N\u00e4in toimimme<\/h3><ul><li class=\"\" data-start=\"1051\" data-end=\"1113\"><p class=\"\" data-start=\"1053\" data-end=\"1113\">Yhdist\u00e4mme ty\u00f6nhakijat ja ty\u00f6nantajat nopeasti ja tehokkaasti.<\/p><\/li><li class=\"\" data-start=\"1116\" data-end=\"1213\"><p class=\"\" data-start=\"1118\" data-end=\"1213\">Tuemme hakijoita jokaisessa rekrytointiprosessin vaiheessa \u2013 hakemuksesta perehdytykseen.<\/p><\/li><li class=\"\" data-start=\"1216\" data-end=\"1298\"><p class=\"\" data-start=\"1218\" data-end=\"1298\">Rakennamme kest\u00e4vi\u00e4 suhteita luottamuksen, avoimuuden ja yhteisen menestyksen pohjalta.<\/p><\/li><\/ul><p>Olitpa ty\u00f6nantaja, joka haluaa kasvattaa tiimi\u00e4\u00e4n, tai ty\u00f6nhakija etsim\u00e4ss\u00e4 uutta mahdollisuutta \u2013 me olemme t\u00e4\u00e4ll\u00e4 auttamassa.<br \/><br data-start=\"1620\" data-end=\"1623\" \/><strong data-start=\"1703\" data-end=\"1777\">Oletko valmis l\u00f6yt\u00e4m\u00e4\u00e4n seuraavan mahdollisuutesi \u2013 tai seuraavan huippuosaajasi?<\/strong><br data-start=\"1777\" data-end=\"1780\" \/><strong data-start=\"1780\" data-end=\"1837\"><a href=\"https:\/\/workerinfinland.com\/fi\/contact-us\/\">Ota yhteytt\u00e4<\/a> jo t\u00e4n\u00e4\u00e4n ja muokataan tulevaisuutta yhdess\u00e4.<\/strong><\/p>\t\t\t\t\t\t\t\t<\/div>\n\t\t\t\t<\/div>\n\t\t\t\t<div class=\"elementor-element elementor-element-09e25d5 elementor-widget__width-initial elementor-hidden-mobile elementor-widget elementor-widget-image\" data-id=\"09e25d5\" data-element_type=\"widget\" data-widget_type=\"image.default\">\n\t\t\t\t<div class=\"elementor-widget-container\">\n\t\t\t\t\t\t\t\t\t\t\t\t\t\t\t<img decoding=\"async\" src=\"https:\/\/workerinfinland.com\/wp-content\/uploads\/2025\/04\/about_us_decorative.webp\" title=\"about_us_decorative\" alt=\"about_us_decorative\" loading=\"lazy\" \/>\t\t\t\t\t\t\t\t\t\t\t\t\t\t\t<\/div>\n\t\t\t\t<\/div>\n\t\t<div class=\"elementor-element elementor-element-7f9c5d8 e-con-full elementor-hidden-mobile e-flex e-con e-child\" data-id=\"7f9c5d8\" data-element_type=\"container\">\n\t\t\t\t<div class=\"elementor-element elementor-element-d69e2d4 elementor-widget elementor-widget-spacer\" data-id=\"d69e2d4\" data-element_type=\"widget\" data-widget_type=\"spacer.default\">\n\t\t\t\t<div class=\"elementor-widget-container\">\n\t\t\t\t\t\t\t<div class=\"elementor-spacer\">\n\t\t\t<div class=\"elementor-spacer-inner\"><\/div>\n\t\t<\/div>\n\t\t\t\t\t\t<\/div>\n\t\t\t\t<\/div>\n\t\t\t\t<\/div>\n\t\t\t\t<\/div>\n\t\t\t\t\t<\/div>\n\t\t\t\t<\/div>\n\t\t\t\t<\/div>","protected":false},"excerpt":{"rendered":"<p>About us Home Connecting People and Opportunities in Finland At Worker In Finland, we believe that the right people can [&hellip;]<\/p>","protected":false},"author":2,"featured_media":0,"parent":0,"menu_order":0,"comment_status":"closed","ping_status":"closed","template":"","meta":{"_acf_changed":false,"site-sidebar-layout":"no-sidebar","site-content-layout":"","ast-site-content-layout":"full-width-container","site-content-style":"default","site-sidebar-style":"default","ast-global-header-display":"","ast-banner-title-visibility":"","ast-main-header-display":"","ast-hfb-above-header-display":"","ast-hfb-below-header-display":"","ast-hfb-mobile-header-display":"","site-post-title":"disabled","ast-breadcrumbs-content":"","ast-featured-img":"disabled","footer-sml-layout":"","theme-transparent-header-meta":"","adv-header-id-meta":"","stick-header-meta":"","header-above-stick-meta":"","header-main-stick-meta":"","header-below-stick-meta":"","astra-migrate-meta-layouts":"default","ast-page-background-enabled":"default","ast-page-background-meta":{"desktop":{"background-color":"var(--ast-global-color-5)","background-image":"","background-repeat":"repeat","background-position":"center center","background-size":"auto","background-attachment":"scroll","background-type":"","background-media":"","overlay-type":"","overlay-color":"","overlay-opacity":"","overlay-gradient":""},"tablet":{"background-color":"","background-image":"","background-repeat":"repeat","background-position":"center center","background-size":"auto","background-attachment":"scroll","background-type":"","background-media":"","overlay-type":"","overlay-color":"","overlay-opacity":"","overlay-gradient":""},"mobile":{"background-color":"","background-image":"","background-repeat":"repeat","background-position":"center center","background-size":"auto","background-attachment":"scroll","background-type":"","background-media":"","overlay-type":"","overlay-color":"","overlay-opacity":"","overlay-gradient":""}},"ast-content-background-meta":{"desktop":{"background-color":"var(--ast-global-color-4)","background-image":"","background-repeat":"repeat","background-position":"center center","background-size":"auto","background-attachment":"scroll","background-type":"","background-media":"","overlay-type":"","overlay-color":"","overlay-opacity":"","overlay-gradient":""},"tablet":{"background-color":"var(--ast-global-color-4)","background-image":"","background-repeat":"repeat","background-position":"center center","background-size":"auto","background-attachment":"scroll","background-type":"","background-media":"","overlay-type":"","overlay-color":"","overlay-opacity":"","overlay-gradient":""},"mobile":{"background-color":"var(--ast-global-color-4)","background-image":"","background-repeat":"repeat","background-position":"center center","background-size":"auto","background-attachment":"scroll","background-type":"","background-media":"","overlay-type":"","overlay-color":"","overlay-opacity":"","overlay-gradient":""}},"iawp_total_views":59,"footnotes":""},"class_list":["post-110","page","type-page","status-publish","hentry"],"acf":[],"yoast_head":"<!-- This site is optimized with the Yoast SEO plugin v25.4 - https:\/\/yoast.com\/wordpress\/plugins\/seo\/ -->\n<title>About us - Worker In Finland<\/title>\n<meta name=\"robots\" content=\"index, follow, max-snippet:-1, max-image-preview:large, max-video-preview:-1\" \/>\n<link rel=\"canonical\" href=\"https:\/\/workerinfinland.com\/fi\/about-us\/\" \/>\n<meta property=\"og:locale\" content=\"fi_FI\" \/>\n<meta property=\"og:type\" content=\"article\" \/>\n<meta property=\"og:title\" content=\"About us - Worker In Finland\" \/>\n<meta property=\"og:description\" content=\"About us Home Connecting People and Opportunities in Finland At Worker In Finland, we believe that the right people can [&hellip;]\" \/>\n<meta property=\"og:url\" content=\"https:\/\/workerinfinland.com\/fi\/about-us\/\" \/>\n<meta property=\"og:site_name\" content=\"Worker In Finland\" \/>\n<meta property=\"article:modified_time\" content=\"2025-04-28T12:07:37+00:00\" \/>\n<meta property=\"og:image\" content=\"https:\/\/workerinfinland.com\/wp-content\/uploads\/2025\/04\/about_us_decorative.webp\" \/>\n<meta name=\"twitter:card\" content=\"summary_large_image\" \/>\n<meta name=\"twitter:label1\" content=\"Arvioitu lukuaika\" \/>\n\t<meta name=\"twitter:data1\" content=\"2 minuuttia\" \/>\n<script type=\"application\/ld+json\" class=\"yoast-schema-graph\">{\"@context\":\"https:\/\/schema.org\",\"@graph\":[{\"@type\":\"WebPage\",\"@id\":\"https:\/\/workerinfinland.com\/about-us\/\",\"url\":\"https:\/\/workerinfinland.com\/about-us\/\",\"name\":\"About us - Worker In Finland\",\"isPartOf\":{\"@id\":\"https:\/\/workerinfinland.com\/#website\"},\"primaryImageOfPage\":{\"@id\":\"https:\/\/workerinfinland.com\/about-us\/#primaryimage\"},\"image\":{\"@id\":\"https:\/\/workerinfinland.com\/about-us\/#primaryimage\"},\"thumbnailUrl\":\"https:\/\/workerinfinland.com\/wp-content\/uploads\/2025\/04\/about_us_decorative.webp\",\"datePublished\":\"2025-02-26T10:53:27+00:00\",\"dateModified\":\"2025-04-28T12:07:37+00:00\",\"breadcrumb\":{\"@id\":\"https:\/\/workerinfinland.com\/about-us\/#breadcrumb\"},\"inLanguage\":\"fi\",\"potentialAction\":[{\"@type\":\"ReadAction\",\"target\":[\"https:\/\/workerinfinland.com\/about-us\/\"]}]},{\"@type\":\"ImageObject\",\"inLanguage\":\"fi\",\"@id\":\"https:\/\/workerinfinland.com\/about-us\/#primaryimage\",\"url\":\"https:\/\/workerinfinland.com\/wp-content\/uploads\/2025\/04\/about_us_decorative.webp\",\"contentUrl\":\"https:\/\/workerinfinland.com\/wp-content\/uploads\/2025\/04\/about_us_decorative.webp\"},{\"@type\":\"BreadcrumbList\",\"@id\":\"https:\/\/workerinfinland.com\/about-us\/#breadcrumb\",\"itemListElement\":[{\"@type\":\"ListItem\",\"position\":1,\"name\":\"Home\",\"item\":\"https:\/\/workerinfinland.com\/\"},{\"@type\":\"ListItem\",\"position\":2,\"name\":\"About us\"}]},{\"@type\":\"WebSite\",\"@id\":\"https:\/\/workerinfinland.com\/#website\",\"url\":\"https:\/\/workerinfinland.com\/\",\"name\":\"Worker In Finland\",\"description\":\"\",\"potentialAction\":[{\"@type\":\"SearchAction\",\"target\":{\"@type\":\"EntryPoint\",\"urlTemplate\":\"https:\/\/workerinfinland.com\/?s={search_term_string}\"},\"query-input\":{\"@type\":\"PropertyValueSpecification\",\"valueRequired\":true,\"valueName\":\"search_term_string\"}}],\"inLanguage\":\"fi\"}]}<\/script>\n<!-- \/ Yoast SEO plugin. -->","yoast_head_json":{"title":"About us - Worker In Finland","robots":{"index":"index","follow":"follow","max-snippet":"max-snippet:-1","max-image-preview":"max-image-preview:large","max-video-preview":"max-video-preview:-1"},"canonical":"https:\/\/workerinfinland.com\/fi\/about-us\/","og_locale":"fi_FI","og_type":"article","og_title":"About us - Worker In Finland","og_description":"About us Home Connecting People and Opportunities in Finland At Worker In Finland, we believe that the right people can [&hellip;]","og_url":"https:\/\/workerinfinland.com\/fi\/about-us\/","og_site_name":"Worker In Finland","article_modified_time":"2025-04-28T12:07:37+00:00","og_image":[{"url":"https:\/\/workerinfinland.com\/wp-content\/uploads\/2025\/04\/about_us_decorative.webp","type":"","width":"","height":""}],"twitter_card":"summary_large_image","twitter_misc":{"Arvioitu lukuaika":"2 minuuttia"},"schema":{"@context":"https:\/\/schema.org","@graph":[{"@type":"WebPage","@id":"https:\/\/workerinfinland.com\/about-us\/","url":"https:\/\/workerinfinland.com\/about-us\/","name":"About us - Worker In Finland","isPartOf":{"@id":"https:\/\/workerinfinland.com\/#website"},"primaryImageOfPage":{"@id":"https:\/\/workerinfinland.com\/about-us\/#primaryimage"},"image":{"@id":"https:\/\/workerinfinland.com\/about-us\/#primaryimage"},"thumbnailUrl":"https:\/\/workerinfinland.com\/wp-content\/uploads\/2025\/04\/about_us_decorative.webp","datePublished":"2025-02-26T10:53:27+00:00","dateModified":"2025-04-28T12:07:37+00:00","breadcrumb":{"@id":"https:\/\/workerinfinland.com\/about-us\/#breadcrumb"},"inLanguage":"fi","potentialAction":[{"@type":"ReadAction","target":["https:\/\/workerinfinland.com\/about-us\/"]}]},{"@type":"ImageObject","inLanguage":"fi","@id":"https:\/\/workerinfinland.com\/about-us\/#primaryimage","url":"https:\/\/workerinfinland.com\/wp-content\/uploads\/2025\/04\/about_us_decorative.webp","contentUrl":"https:\/\/workerinfinland.com\/wp-content\/uploads\/2025\/04\/about_us_decorative.webp"},{"@type":"BreadcrumbList","@id":"https:\/\/workerinfinland.com\/about-us\/#breadcrumb","itemListElement":[{"@type":"ListItem","position":1,"name":"Home","item":"https:\/\/workerinfinland.com\/"},{"@type":"ListItem","position":2,"name":"About us"}]},{"@type":"WebSite","@id":"https:\/\/workerinfinland.com\/#website","url":"https:\/\/workerinfinland.com\/","name":"Worker In Finland","description":"","potentialAction":[{"@type":"SearchAction","target":{"@type":"EntryPoint","urlTemplate":"https:\/\/workerinfinland.com\/?s={search_term_string}"},"query-input":{"@type":"PropertyValueSpecification","valueRequired":true,"valueName":"search_term_string"}}],"inLanguage":"fi"}]}},"_links":{"self":[{"href":"https:\/\/workerinfinland.com\/fi\/wp-json\/wp\/v2\/pages\/110","targetHints":{"allow":["GET"]}}],"collection":[{"href":"https:\/\/workerinfinland.com\/fi\/wp-json\/wp\/v2\/pages"}],"about":[{"href":"https:\/\/workerinfinland.com\/fi\/wp-json\/wp\/v2\/types\/page"}],"author":[{"embeddable":true,"href":"https:\/\/workerinfinland.com\/fi\/wp-json\/wp\/v2\/users\/2"}],"replies":[{"embeddable":true,"href":"https:\/\/workerinfinland.com\/fi\/wp-json\/wp\/v2\/comments?post=110"}],"version-history":[{"count":21,"href":"https:\/\/workerinfinland.com\/fi\/wp-json\/wp\/v2\/pages\/110\/revisions"}],"predecessor-version":[{"id":833,"href":"https:\/\/workerinfinland.com\/fi\/wp-json\/wp\/v2\/pages\/110\/revisions\/833"}],"wp:attachment":[{"href":"https:\/\/workerinfinland.com\/fi\/wp-json\/wp\/v2\/media?parent=110"}],"curies":[{"name":"wp","href":"https:\/\/api.w.org\/{rel}","templated":true}]}}